{"id":86339,"date":"2025-01-23T12:27:48","date_gmt":"2025-01-23T12:27:48","guid":{"rendered":"https:\/\/www.searchroyals.com\/kontakt\/"},"modified":"2025-11-25T13:45:00","modified_gmt":"2025-11-25T13:45:00","slug":"kontakt","status":"publish","type":"page","link":"https:\/\/www.searchroyals.com\/de\/kontakt\/","title":{"rendered":"Kontakt"},"content":{"rendered":"<p>[et_pb_section fb_built=&#8220;1&#8243; custom_padding_last_edited=&#8220;on|tablet&#8220; _builder_version=&#8220;4.27.4&#8243; _module_preset=&#8220;default&#8220; background_color=&#8220;gcid-9f3b32b6-6bed-490b-8f94-8c201035fcc4&#8243; background_enable_image=&#8220;off&#8220; background_size=&#8220;initial&#8220; background_repeat=&#8220;repeat&#8220; background_blend=&#8220;multiply&#8220; max_width=&#8220;98%&#8220; module_alignment=&#8220;center&#8220; custom_margin=&#8220;10px||10px||false|false&#8220; custom_padding=&#8220;0px||10px||false|false&#8220; custom_padding_tablet=&#8220;0px||0px||false|false&#8220; custom_padding_phone=&#8220;||0px||false|false&#8220; background_last_edited=&#8220;on|tablet&#8220; border_radii=&#8220;on|30px|30px|30px|30px&#8220; locked=&#8220;off&#8220; global_colors_info=&#8220;{%22gcid-9f3b32b6-6bed-490b-8f94-8c201035fcc4%22:%91%22background_color%22,%22background_color%22,%22background_color%22,%22background_color%22%93}&#8220;][et_pb_row column_structure=&#8220;1_2,1_2&#8243; custom_padding_last_edited=&#8220;on|phone&#8220; _builder_version=&#8220;4.27.4&#8243; _module_preset=&#8220;default&#8220; background_color=&#8220;#00022b&#8220; use_background_color_gradient=&#8220;on&#8220; background_color_gradient_type=&#8220;circular&#8220; background_color_gradient_stops=&#8220;rgba(255,255,255,0) 0%|gcid-9f3b32b6-6bed-490b-8f94-8c201035fcc4 71%&#8220; background_color_gradient_overlays_image=&#8220;on&#8220; background_image=&#8220;https:\/\/www.searchroyals.com\/wp-content\/uploads\/2025\/01\/saas-landing-43-ata-51.png&#8220; background_size=&#8220;initial&#8220; background_repeat=&#8220;repeat&#8220; width=&#8220;90%&#8220; width_tablet=&#8220;80%&#8220; width_phone=&#8220;100%&#8220; width_last_edited=&#8220;on|tablet&#8220; max_width=&#8220;1180px&#8220; max_width_tablet=&#8220;1180px&#8220; max_width_phone=&#8220;&#8220; max_width_last_edited=&#8220;on|phone&#8220; custom_margin=&#8220;|auto|90px|auto|false|false&#8220; custom_margin_tablet=&#8220;0px||70px||false|false&#8220; custom_margin_phone=&#8220;0px||55px||false|false&#8220; custom_margin_last_edited=&#8220;on|phone&#8220; custom_padding=&#8220;100px||0px||false|false&#8220; custom_padding_tablet=&#8220;100px||0px||false|false&#8220; custom_padding_phone=&#8220;70px|30px|0px|30px|false|false&#8220; animation_style=&#8220;fade&#8220; animation_speed_curve=&#8220;ease&#8220; custom_css_main_element=&#8220;text-align:center;&#8220; global_colors_info=&#8220;{%22gcid-9f3b32b6-6bed-490b-8f94-8c201035fcc4%22:%91%22background_color_gradient_stops%22%93}&#8220;][et_pb_column type=&#8220;1_2&#8243; _builder_version=&#8220;4.26.1&#8243; _module_preset=&#8220;default&#8220; global_colors_info=&#8220;{}&#8220;][et_pb_blurb title=&#8220;Kontakt&#8220; use_icon=&#8220;on&#8220; font_icon=&#8220;&#xf111;||fa||900&#8243; icon_color=&#8220;#94FFB7&#8243; icon_placement=&#8220;left&#8220; image_icon_width=&#8220;5px&#8220; content_max_width=&#8220;1180px&#8220; _builder_version=&#8220;4.27.4&#8243; _module_preset=&#8220;default&#8220; header_font=&#8220;Manrope|600||on|||||&#8220; header_text_align=&#8220;left&#8220; header_text_color=&#8220;rgba(255,255,255,0.75)&#8220; header_font_size=&#8220;12px&#8220; header_letter_spacing=&#8220;1px&#8220; background_enable_color=&#8220;off&#8220; image_icon_custom_margin=&#8220;0px||0px||false|false&#8220; image_icon_custom_padding=&#8220;0px||0px||false|false&#8220; module_alignment=&#8220;left&#8220; custom_margin=&#8220;0px||10px||false|false&#8220; custom_padding=&#8220;13px|12px|0px|12px|false|false&#8220; animation=&#8220;off&#8220; custom_css_blurb_title=&#8220;margin-left:-32px;||margin-top:-4px;||margin-bottom:-2px;&#8220; custom_css_blurb_content=&#8220;margin:0px;&#8220; border_radii=&#8220;on|6px|6px|6px|6px&#8220; global_colors_info=&#8220;{}&#8220;][\/et_pb_blurb][et_pb_text _builder_version=&#8220;4.27.4&#8243; _module_preset=&#8220;default&#8220; header_2_font=&#8220;Manrope||||||||&#8220; header_2_text_align=&#8220;left&#8220; header_2_text_color=&#8220;#FFFFFF&#8220; header_2_font_size=&#8220;52px&#8220; header_2_line_height=&#8220;1.1em&#8220; custom_margin=&#8220;0px||15px||false|false&#8220; custom_padding=&#8220;0px||0px||false|false&#8220; header_2_font_size_tablet=&#8220;52px&#8220; header_2_font_size_phone=&#8220;30px&#8220; header_2_font_size_last_edited=&#8220;on|phone&#8220; global_colors_info=&#8220;{}&#8220;]<\/p>\n<h2>Kontaktieren Sie uns<\/h2>\n<p>[\/et_pb_text][et_pb_text _builder_version=&#8220;4.27.4&#8243; _module_preset=&#8220;default&#8220; text_font=&#8220;Manrope|600|||||||&#8220; text_text_color=&#8220;rgba(255,255,255,0.5)&#8220; text_font_size=&#8220;18px&#8220; text_line_height=&#8220;1.4em&#8220; max_width=&#8220;560px&#8220; module_alignment=&#8220;left&#8220; custom_margin=&#8220;0px||0px||false|false&#8220; custom_padding=&#8220;0px||0px||false|false&#8220; text_font_size_tablet=&#8220;18px&#8220; text_font_size_phone=&#8220;16px&#8220; text_font_size_last_edited=&#8220;on|phone&#8220; global_colors_info=&#8220;{}&#8220;]<\/p>\n<p><span>Haben Sie Fragen zu unserem Link Building-Marktplatz? Sie m\u00f6chten eine umfassende Strategie f\u00fcr Ihre n\u00e4chste Linkkampagne entwickeln und wissen nicht, wo Sie anfangen sollen?  <\/span><\/p>\n<p>[\/et_pb_text][et_pb_contact_form use_spam_service=&#8220;on&#8220; recaptcha_list=&#8220;Default|Default-0&#8243; email=&#8220; md@klikko.dk&#8220; submit_button_text=&#8220;Kontakt aufnehmen&#8220; module_id=&#8220;et_pb_contact_form_0&#8243; _builder_version=&#8220;4.27.4&#8243; form_field_background_color=&#8220;RGBA(255,255,255,0)&#8220; form_field_text_color=&#8220;#FFFFFF&#8220; form_field_focus_background_color=&#8220;RGBA(255,255,255,0)&#8220; form_field_focus_text_color=&#8220;gcid-11f53119-def8-414e-b949-ac5bb3cde31b&#8220; form_field_custom_margin=&#8220;0px||||false|false&#8220; captcha_font=&#8220;Manrope||||||||&#8220; form_field_font=&#8220;Manrope||||||||&#8220; form_field_font_size=&#8220;15px&#8220; form_field_line_height=&#8220;1.6em&#8220; custom_button=&#8220;on&#8220; button_text_size=&#8220;16px&#8220; button_text_color=&#8220;gcid-2071a4d7-1b86-4b6e-811e-0ff74d735312&#8243; button_bg_color=&#8220;gcid-f13e2cf2-c801-46a6-a500-012e149f651c&#8220; button_border_width=&#8220;1px&#8220; button_border_color=&#8220;#94FFB7&#8243; button_border_radius=&#8220;10px&#8220; button_font=&#8220;Manrope|700|||||||&#8220; button_icon=&#8220;&#x24;||divi||400&#8243; button_on_hover=&#8220;off&#8220; button_custom_margin=&#8220;6px|6px|6px|6px|false|false&#8220; button_custom_padding=&#8220;10px|39px|10px|20px|false|false&#8220; custom_margin=&#8220;55px||||false|false&#8220; custom_margin_tablet=&#8220;25px||0px||false|false&#8220; custom_margin_phone=&#8220;25px||0px||false|false&#8220; custom_margin_last_edited=&#8220;on|tablet&#8220; animation_direction=&#8220;bottom&#8220; hover_enabled=&#8220;0&#8243; border_color_all=&#8220;#919191&#8243; border_width_bottom=&#8220;1px&#8220; border_color_bottom=&#8220;#FFFFFF&#8220; form_background_color=&#8220;rgba(0,0,0,0)&#8220; global_colors_info=&#8220;{%22gcid-2071a4d7-1b86-4b6e-811e-0ff74d735312%22:%91%22button_text_color%22,%22button_text_color%22%93,%22gcid-f13e2cf2-c801-46a6-a500-012e149f651c%22:%91%22button_bg_color%22%93,%22gcid-bc676db4-c6b8-49ed-abbe-2c654a5953ed%22:%91%22button_bg_color__hover%22%93,%22gcid-11f53119-def8-414e-b949-ac5bb3cde31b%22:%91%22form_field_focus_text_color%22%93}&#8220; button_text_color__hover=&#8220;#474747&#8243; button_text_color__hover_enabled=&#8220;on|hover&#8220; button_bg_color__hover=&#8220;#f8f8f8&#8243; button_bg_color__hover_enabled=&#8220;on|hover&#8220; button_border_color__hover=&#8220;#f8f8f8&#8243; button_border_color__hover_enabled=&#8220;on|desktop&#8220; button_letter_spacing__hover=&#8220;0px&#8220; button_letter_spacing__hover_enabled=&#8220;on&#8220; button_bg_enable_color__hover=&#8220;on&#8220; sticky_enabled=&#8220;0&#8243;][et_pb_contact_field field_id=&#8220;Name&#8220; field_title=&#8220;Name&#8220; _builder_version=&#8220;4.27.4&#8243; global_colors_info=&#8220;{}&#8220; button_text_size__hover_enabled=&#8220;off&#8220; button_one_text_size__hover_enabled=&#8220;off&#8220; button_two_text_size__hover_enabled=&#8220;off&#8220; button_text_color__hover_enabled=&#8220;off&#8220; button_one_text_color__hover_enabled=&#8220;off&#8220; button_two_text_color__hover_enabled=&#8220;off&#8220; button_border_width__hover_enabled=&#8220;off&#8220; button_one_border_width__hover_enabled=&#8220;off&#8220; button_two_border_width__hover_enabled=&#8220;off&#8220; button_border_color__hover_enabled=&#8220;off&#8220; button_one_border_color__hover_enabled=&#8220;off&#8220; button_two_border_color__hover_enabled=&#8220;off&#8220; button_border_radius__hover_enabled=&#8220;off&#8220; button_one_border_radius__hover_enabled=&#8220;off&#8220; button_two_border_radius__hover_enabled=&#8220;off&#8220; button_letter_spacing__hover_enabled=&#8220;off&#8220; button_one_letter_spacing__hover_enabled=&#8220;off&#8220; button_two_letter_spacing__hover_enabled=&#8220;off&#8220; button_bg_color__hover_enabled=&#8220;off&#8220; button_one_bg_color__hover_enabled=&#8220;off&#8220; button_two_bg_color__hover_enabled=&#8220;off&#8220;][\/et_pb_contact_field][et_pb_contact_field field_id=&#8220;Email&#8220; field_title=&#8220;E-Mail&#8220; field_type=&#8220;email&#8220; _builder_version=&#8220;4.27.3&#8243; global_colors_info=&#8220;{}&#8220; button_text_size__hover_enabled=&#8220;off&#8220; button_one_text_size__hover_enabled=&#8220;off&#8220; button_two_text_size__hover_enabled=&#8220;off&#8220; button_text_color__hover_enabled=&#8220;off&#8220; button_one_text_color__hover_enabled=&#8220;off&#8220; button_two_text_color__hover_enabled=&#8220;off&#8220; button_border_width__hover_enabled=&#8220;off&#8220; button_one_border_width__hover_enabled=&#8220;off&#8220; button_two_border_width__hover_enabled=&#8220;off&#8220; button_border_color__hover_enabled=&#8220;off&#8220; button_one_border_color__hover_enabled=&#8220;off&#8220; button_two_border_color__hover_enabled=&#8220;off&#8220; button_border_radius__hover_enabled=&#8220;off&#8220; button_one_border_radius__hover_enabled=&#8220;off&#8220; button_two_border_radius__hover_enabled=&#8220;off&#8220; button_letter_spacing__hover_enabled=&#8220;off&#8220; button_one_letter_spacing__hover_enabled=&#8220;off&#8220; button_two_letter_spacing__hover_enabled=&#8220;off&#8220; button_bg_color__hover_enabled=&#8220;off&#8220; button_one_bg_color__hover_enabled=&#8220;off&#8220; button_two_bg_color__hover_enabled=&#8220;off&#8220;][\/et_pb_contact_field][et_pb_contact_field field_id=&#8220;Message&#8220; field_title=&#8220;Nachricht&#8220; field_type=&#8220;text&#8220; fullwidth_field=&#8220;on&#8220; _builder_version=&#8220;4.27.4&#8243; custom_padding=&#8220;||5px|&#8220; global_colors_info=&#8220;{}&#8220; button_text_size__hover_enabled=&#8220;off&#8220; button_one_text_size__hover_enabled=&#8220;off&#8220; button_two_text_size__hover_enabled=&#8220;off&#8220; button_text_color__hover_enabled=&#8220;off&#8220; button_one_text_color__hover_enabled=&#8220;off&#8220; button_two_text_color__hover_enabled=&#8220;off&#8220; button_border_width__hover_enabled=&#8220;off&#8220; button_one_border_width__hover_enabled=&#8220;off&#8220; button_two_border_width__hover_enabled=&#8220;off&#8220; button_border_color__hover_enabled=&#8220;off&#8220; button_one_border_color__hover_enabled=&#8220;off&#8220; button_two_border_color__hover_enabled=&#8220;off&#8220; button_border_radius__hover_enabled=&#8220;off&#8220; button_one_border_radius__hover_enabled=&#8220;off&#8220; button_two_border_radius__hover_enabled=&#8220;off&#8220; button_letter_spacing__hover_enabled=&#8220;off&#8220; button_one_letter_spacing__hover_enabled=&#8220;off&#8220; button_two_letter_spacing__hover_enabled=&#8220;off&#8220; button_bg_color__hover_enabled=&#8220;off&#8220; button_one_bg_color__hover_enabled=&#8220;off&#8220; button_two_bg_color__hover_enabled=&#8220;off&#8220;][\/et_pb_contact_field][\/et_pb_contact_form][\/et_pb_column][et_pb_column type=&#8220;1_2&#8243; _builder_version=&#8220;4.26.1&#8243; _module_preset=&#8220;default&#8220; global_colors_info=&#8220;{}&#8220;][et_pb_image src=&#8220;https:\/\/www.searchroyals.com\/wp-content\/uploads\/2025\/01\/search-royals-people.png&#8220; title_text=&#8220;search royals-people&#8220; _builder_version=&#8220;4.27.4&#8243; _module_preset=&#8220;default&#8220; max_width=&#8220;85%&#8220; max_width_tablet=&#8220;61%&#8220; max_width_phone=&#8220;61%&#8220; max_width_last_edited=&#8220;on|tablet&#8220; module_alignment=&#8220;center&#8220; module_alignment_tablet=&#8220;left&#8220; module_alignment_phone=&#8220;left&#8220; module_alignment_last_edited=&#8220;on|tablet&#8220; global_colors_info=&#8220;{}&#8220;][\/et_pb_image][\/et_pb_column][\/et_pb_row][\/et_pb_section]<\/p>\n","protected":false},"excerpt":{"rendered":"<p>Kontaktieren Sie unsHaben Sie Fragen zu unserem Link Building-Marktplatz? Sie m\u00f6chten eine umfassende Strategie f\u00fcr Ihre n\u00e4chste Linkkampagne entwickeln und wissen nicht, wo Sie anfangen sollen?<\/p>\n","protected":false},"author":2,"featured_media":0,"parent":0,"menu_order":0,"comment_status":"closed","ping_status":"closed","template":"","meta":{"_et_pb_use_builder":"on","_et_pb_old_content":"","_et_gb_content_width":"","footnotes":""},"class_list":["post-86339","page","type-page","status-publish","hentry"],"_links":{"self":[{"href":"https:\/\/www.searchroyals.com\/de\/wp-json\/wp\/v2\/pages\/86339","targetHints":{"allow":["GET"]}}],"collection":[{"href":"https:\/\/www.searchroyals.com\/de\/wp-json\/wp\/v2\/pages"}],"about":[{"href":"https:\/\/www.searchroyals.com\/de\/wp-json\/wp\/v2\/types\/page"}],"author":[{"embeddable":true,"href":"https:\/\/www.searchroyals.com\/de\/wp-json\/wp\/v2\/users\/2"}],"replies":[{"embeddable":true,"href":"https:\/\/www.searchroyals.com\/de\/wp-json\/wp\/v2\/comments?post=86339"}],"version-history":[{"count":5,"href":"https:\/\/www.searchroyals.com\/de\/wp-json\/wp\/v2\/pages\/86339\/revisions"}],"predecessor-version":[{"id":91537,"href":"https:\/\/www.searchroyals.com\/de\/wp-json\/wp\/v2\/pages\/86339\/revisions\/91537"}],"wp:attachment":[{"href":"https:\/\/www.searchroyals.com\/de\/wp-json\/wp\/v2\/media?parent=86339"}],"curies":[{"name":"wp","href":"https:\/\/api.w.org\/{rel}","templated":true}]}}