{"id":87668,"date":"2025-01-23T12:27:48","date_gmt":"2025-01-23T12:27:48","guid":{"rendered":"https:\/\/www.searchroyals.com\/contact\/"},"modified":"2025-11-07T14:12:11","modified_gmt":"2025-11-07T14:12:11","slug":"contact","status":"publish","type":"page","link":"https:\/\/www.searchroyals.com\/no\/contact\/","title":{"rendered":"Kontakt"},"content":{"rendered":"<p>[et_pb_section fb_built=&raquo;1&#8243; custom_padding_last_edited=&raquo;on|tablet&raquo; _builder_version=&raquo;4.27.4&#8243; _module_preset=&raquo;default&raquo; background_color=&raquo;gcid-9f3b32b6-6bed-490b-8f94-8c201035fcc4&#8243; background_enable_image=&raquo;off&raquo; background_size=&raquo;initial&raquo; background_repeat=&raquo;repeat&raquo; background_blend=&raquo;multiply&raquo; max_width=&raquo;98%&raquo; module_alignment=&raquo;center&raquo; custom_margin=&raquo;10px||10px||false|false&raquo; custom_padding=&raquo;0px||10px||false|false&raquo; custom_padding_tablet=&raquo;0px||0px||false|false&raquo; custom_padding_phone=&raquo;||0px||false|false&raquo; background_last_edited=&raquo;on|tablet&raquo; border_radii=&raquo;on|30px|30px|30px|30px&raquo; locked=&raquo;off&raquo; global_colors_info=&raquo;{%22gcid-9f3b32b6-6bed-490b-8f94-8c201035fcc4%22:%91%22background_color%22,%22background_color%22,%22background_color%22,%22background_color%22%93}&raquo;][et_pb_row column_structure=&raquo;1_2,1_2&#8243; custom_padding_last_edited=&raquo;on|phone&raquo; _builder_version=&raquo;4.27.4&#8243; _module_preset=&raquo;default&raquo; background_color=&raquo;#00022b&raquo; use_background_color_gradient=&raquo;on&raquo; background_color_gradient_type=&raquo;circular&raquo; background_color_gradient_stops=&raquo;rgba(255,255,255,0) 0%|gcid-9f3b32b6-6bed-490b-8f94-8c201035fcc4 71%&raquo; background_color_gradient_overlays_image=&raquo;on&raquo; background_image=&raquo;https:\/\/www.searchroyals.com\/wp-content\/uploads\/2025\/01\/saas-landing-43-ata-51.png&raquo; background_size=&raquo;initial&raquo; background_repeat=&raquo;repeat&raquo; width=&raquo;90%&raquo; width_tablet=&raquo;80%&raquo; width_phone=&raquo;100%&raquo; width_last_edited=&raquo;on|tablet&raquo; max_width=&raquo;1180px&raquo; max_width_tablet=&raquo;1180px&raquo; max_width_phone=&raquo;&raquo; max_width_last_edited=&raquo;on|phone&raquo; custom_margin=&raquo;|auto|90px|auto|false|false&raquo; custom_margin_tablet=&raquo;0px||70px||false|false&raquo; custom_margin_phone=&raquo;0px||55px||false|false&raquo; custom_margin_last_edited=&raquo;on|phone&raquo; custom_padding=&raquo;100px||0px||false|false&raquo; custom_padding_tablet=&raquo;100px||0px||false|false&raquo; custom_padding_phone=&raquo;70px|30px|0px|30px|false|false&raquo; animation_style=&raquo;fade&raquo; animation_speed_curve=&raquo;ease&raquo; custom_css_main_element=&raquo;text-align:center;&raquo; global_colors_info=&raquo;{%22gcid-9f3b32b6-6bed-490b-8f94-8c201035fcc4%22:%91%22background_color_gradient_stops%22%93}&raquo;][et_pb_column type=&raquo;1_2&#8243; _builder_version=&raquo;4.26.1&#8243; _module_preset=&raquo;default&raquo; global_colors_info=&raquo;{}&raquo;][et_pb_blurb title=&raquo;Kontakt&raquo; use_icon=&raquo;on&raquo; font_icon=&raquo;&#xf111;||fa||900&#8243; icon_color=&raquo;#94FFB7&#8243; icon_placement=&raquo;left&raquo; image_icon_width=&raquo;5px&raquo; content_max_width=&raquo;1180px&raquo; _builder_version=&raquo;4.27.4&#8243; _module_preset=&raquo;default&raquo; header_font=&raquo;Manrope|600||on|||||&raquo; header_text_align=&raquo;left&raquo; header_text_color=&raquo;rgba(255,255,255,0.75)&raquo; header_font_size=&raquo;12px&raquo; header_letter_spacing=&raquo;1px&raquo; background_enable_color=&raquo;off&raquo; image_icon_custom_margin=&raquo;0px||0px||false|false&raquo; image_icon_custom_padding=&raquo;0px||0px||false|false&raquo; module_alignment=&raquo;left&raquo; custom_margin=&raquo;0px||10px||false|false&raquo; custom_padding=&raquo;13px|12px|0px|12px|false|false&raquo; animation=&raquo;off&raquo; custom_css_blurb_title=&raquo;margin-left:-32px;||margin-top:-4px;||margin-bottom:-2px;&raquo; custom_css_blurb_content=&raquo;margin:0px;&raquo; border_radii=&raquo;on|6px|6px|6px|6px&raquo; global_colors_info=&raquo;{}&raquo;][\/et_pb_blurb][et_pb_text _builder_version=&raquo;4.27.4&#8243; _module_preset=&raquo;default&raquo; header_2_font=&raquo;Manrope||||||||&raquo; header_2_text_align=&raquo;left&raquo; header_2_text_color=&raquo;#FFFFFF&raquo; header_2_font_size=&raquo;52px&raquo; header_2_line_height=&raquo;1.1em&raquo; custom_margin=&raquo;0px||15px||false|false&raquo; custom_padding=&raquo;0px||0px||false|false&raquo; header_2_font_size_tablet=&raquo;52px&raquo; header_2_font_size_phone=&raquo;30px&raquo; header_2_font_size_last_edited=&raquo;on|phone&raquo; global_colors_info=&raquo;{}&raquo;]<\/p>\n<h2>Kontakt oss<\/h2>\n<p>[\/et_pb_text][et_pb_text _builder_version=&raquo;4.27.4&#8243; _module_preset=&raquo;default&raquo; text_font=&raquo;Manrope|600|||||||&raquo; text_text_color=&raquo;rgba(255,255,255,0.5)&raquo; text_font_size=&raquo;18px&raquo; text_line_height=&raquo;1.4em&raquo; max_width=&raquo;560px&raquo; module_alignment=&raquo;left&raquo; custom_margin=&raquo;0px||0px||false|false&raquo; custom_padding=&raquo;0px||0px||false|false&raquo; text_font_size_tablet=&raquo;18px&raquo; text_font_size_phone=&raquo;16px&raquo; text_font_size_last_edited=&raquo;on|phone&raquo; global_colors_info=&raquo;{}&raquo;]<\/p>\n<p><span>Har du sp\u00f8rsm\u00e5l om v\u00e5r markedsplass for linkbuilding? \u00d8nsker du \u00e5 utvikle en omfattende strategi for din neste lenkekampanje og er usikker p\u00e5 hvor du skal begynne? Teamet v\u00e5rt er tilgjengelig for \u00e5 gi deg personlig veiledning og st\u00f8tte.  <\/span><\/p>\n<p>[\/et_pb_text][et_pb_contact_form use_spam_service=&raquo;on&raquo; recaptcha_list=&raquo;Default|Default-0&#8243; email=&raquo;  md@klikko.dk&raquo; submit_button_text=&raquo;Ta kontakt med oss&raquo; module_id=&raquo;et_pb_contact_form_0&#8243; _builder_version=&raquo;4.27.4&#8243; form_field_background_color=&raquo;RGBA(255,255,255,0)&raquo; form_field_text_color=&raquo;#FFFFFF&raquo; form_field_focus_background_color=&raquo;RGBA(255,255,255,0)&raquo; form_field_focus_text_color=&raquo;gcid-11f53119-def8-414e-b949-ac5bb3cde31b&raquo; form_field_custom_margin=&raquo;0px||||false|false&raquo; captcha_font=&raquo;Manrope||||||||&raquo; form_field_font=&raquo;Manrope||||||||&raquo; form_field_font_size=&raquo;15px&raquo; form_field_line_height=&raquo;1.6em&raquo; custom_button=&raquo;on&raquo; button_text_size=&raquo;16px&raquo; button_text_color=&raquo;gcid-2071a4d7-1b86-4b6e-811e-0ff74d735312&#8243; button_bg_color=&raquo;gcid-f13e2cf2-c801-46a6-a500-012e149f651c&raquo; button_border_width=&raquo;1px&raquo; button_border_color=&raquo;#94FFB7&#8243; button_border_radius=&raquo;10px&raquo; button_font=&raquo;Manrope|700|||||||&raquo; button_icon=&raquo;&#x24;||divi||400&#8243; button_on_hover=&raquo;off&raquo; button_custom_margin=&raquo;6px|6px|6px|6px|false|false&raquo; button_custom_padding=&raquo;10px|39px|10px|20px|false|false&raquo; custom_margin=&raquo;55px||||false|false&raquo; custom_margin_tablet=&raquo;25px||0px||false|false&raquo; custom_margin_phone=&raquo;25px||0px||false|false&raquo; custom_margin_last_edited=&raquo;on|tablet&raquo; animation_direction=&raquo;bottom&raquo; hover_enabled=&raquo;0&#8243; border_color_all=&raquo;#919191&#8243; border_width_bottom=&raquo;1px&raquo; border_color_bottom=&raquo;#FFFFFF&raquo; form_background_color=&raquo;rgba(0,0,0,0)&raquo; global_colors_info=&raquo;{%22gcid-2071a4d7-1b86-4b6e-811e-0ff74d735312%22:%91%22button_text_color%22,%22button_text_color%22%93,%22gcid-f13e2cf2-c801-46a6-a500-012e149f651c%22:%91%22button_bg_color%22%93,%22gcid-bc676db4-c6b8-49ed-abbe-2c654a5953ed%22:%91%22button_bg_color__hover%22%93,%22gcid-11f53119-def8-414e-b949-ac5bb3cde31b%22:%91%22form_field_focus_text_color%22%93}&raquo; button_text_color__hover=&raquo;#474747&#8243; button_text_color__hover_enabled=&raquo;on|hover&raquo; button_bg_color__hover=&raquo;#f8f8f8&#8243; button_bg_color__hover_enabled=&raquo;on|hover&raquo; button_border_color__hover=&raquo;#f8f8f8&#8243; button_border_color__hover_enabled=&raquo;on|desktop&raquo; button_letter_spacing__hover=&raquo;0px&raquo; button_letter_spacing__hover_enabled=&raquo;on&raquo; button_bg_enable_color__hover=&raquo;on&raquo; sticky_enabled=&raquo;0&#8243;][et_pb_contact_field field_id=&raquo;Name&raquo; field_title=&raquo;Navn&raquo; _builder_version=&raquo;4.27.4&#8243; global_colors_info=&raquo;{}&raquo; button_text_size__hover_enabled=&raquo;off&raquo; button_one_text_size__hover_enabled=&raquo;off&raquo; button_two_text_size__hover_enabled=&raquo;off&raquo; button_text_color__hover_enabled=&raquo;off&raquo; button_one_text_color__hover_enabled=&raquo;off&raquo; button_two_text_color__hover_enabled=&raquo;off&raquo; button_border_width__hover_enabled=&raquo;off&raquo; button_one_border_width__hover_enabled=&raquo;off&raquo; button_two_border_width__hover_enabled=&raquo;off&raquo; button_border_color__hover_enabled=&raquo;off&raquo; button_one_border_color__hover_enabled=&raquo;off&raquo; button_two_border_color__hover_enabled=&raquo;off&raquo; button_border_radius__hover_enabled=&raquo;off&raquo; button_one_border_radius__hover_enabled=&raquo;off&raquo; button_two_border_radius__hover_enabled=&raquo;off&raquo; button_letter_spacing__hover_enabled=&raquo;off&raquo; button_one_letter_spacing__hover_enabled=&raquo;off&raquo; button_two_letter_spacing__hover_enabled=&raquo;off&raquo; button_bg_color__hover_enabled=&raquo;off&raquo; button_one_bg_color__hover_enabled=&raquo;off&raquo; button_two_bg_color__hover_enabled=&raquo;off&raquo;][\/et_pb_contact_field][et_pb_contact_field field_id=&raquo;Email&raquo; field_title=&raquo;E-post&raquo; field_type=&raquo;email&raquo; _builder_version=&raquo;4.27.3&#8243; global_colors_info=&raquo;{}&raquo; button_text_size__hover_enabled=&raquo;off&raquo; button_one_text_size__hover_enabled=&raquo;off&raquo; button_two_text_size__hover_enabled=&raquo;off&raquo; button_text_color__hover_enabled=&raquo;off&raquo; button_one_text_color__hover_enabled=&raquo;off&raquo; button_two_text_color__hover_enabled=&raquo;off&raquo; button_border_width__hover_enabled=&raquo;off&raquo; button_one_border_width__hover_enabled=&raquo;off&raquo; button_two_border_width__hover_enabled=&raquo;off&raquo; button_border_color__hover_enabled=&raquo;off&raquo; button_one_border_color__hover_enabled=&raquo;off&raquo; button_two_border_color__hover_enabled=&raquo;off&raquo; button_border_radius__hover_enabled=&raquo;off&raquo; button_one_border_radius__hover_enabled=&raquo;off&raquo; button_two_border_radius__hover_enabled=&raquo;off&raquo; button_letter_spacing__hover_enabled=&raquo;off&raquo; button_one_letter_spacing__hover_enabled=&raquo;off&raquo; button_two_letter_spacing__hover_enabled=&raquo;off&raquo; button_bg_color__hover_enabled=&raquo;off&raquo; button_one_bg_color__hover_enabled=&raquo;off&raquo; button_two_bg_color__hover_enabled=&raquo;off&raquo;][\/et_pb_contact_field][et_pb_contact_field field_id=&raquo;Message&raquo; field_title=&raquo;Beskjed&raquo; field_type=&raquo;text&raquo; fullwidth_field=&raquo;on&raquo; _builder_version=&raquo;4.27.4&#8243; custom_padding=&raquo;||5px|&raquo; global_colors_info=&raquo;{}&raquo; button_text_size__hover_enabled=&raquo;off&raquo; button_one_text_size__hover_enabled=&raquo;off&raquo; button_two_text_size__hover_enabled=&raquo;off&raquo; button_text_color__hover_enabled=&raquo;off&raquo; button_one_text_color__hover_enabled=&raquo;off&raquo; button_two_text_color__hover_enabled=&raquo;off&raquo; button_border_width__hover_enabled=&raquo;off&raquo; button_one_border_width__hover_enabled=&raquo;off&raquo; button_two_border_width__hover_enabled=&raquo;off&raquo; button_border_color__hover_enabled=&raquo;off&raquo; button_one_border_color__hover_enabled=&raquo;off&raquo; button_two_border_color__hover_enabled=&raquo;off&raquo; button_border_radius__hover_enabled=&raquo;off&raquo; button_one_border_radius__hover_enabled=&raquo;off&raquo; button_two_border_radius__hover_enabled=&raquo;off&raquo; button_letter_spacing__hover_enabled=&raquo;off&raquo; button_one_letter_spacing__hover_enabled=&raquo;off&raquo; button_two_letter_spacing__hover_enabled=&raquo;off&raquo; button_bg_color__hover_enabled=&raquo;off&raquo; button_one_bg_color__hover_enabled=&raquo;off&raquo; button_two_bg_color__hover_enabled=&raquo;off&raquo;][\/et_pb_contact_field][\/et_pb_contact_form][\/et_pb_column][et_pb_column type=&raquo;1_2&#8243; _builder_version=&raquo;4.26.1&#8243; _module_preset=&raquo;default&raquo; global_colors_info=&raquo;{}&raquo;][et_pb_image src=&raquo;https:\/\/www.searchroyals.com\/wp-content\/uploads\/2025\/01\/search-royals-people.png&raquo; title_text=&raquo;search royals-people&raquo; _builder_version=&raquo;4.27.4&#8243; _module_preset=&raquo;default&raquo; max_width=&raquo;85%&raquo; max_width_tablet=&raquo;61%&raquo; max_width_phone=&raquo;61%&raquo; max_width_last_edited=&raquo;on|tablet&raquo; module_alignment=&raquo;center&raquo; module_alignment_tablet=&raquo;left&raquo; module_alignment_phone=&raquo;left&raquo; module_alignment_last_edited=&raquo;on|tablet&raquo; global_colors_info=&raquo;{}&raquo;][\/et_pb_image][\/et_pb_column][\/et_pb_row][\/et_pb_section]<\/p>\n","protected":false},"excerpt":{"rendered":"<p>Kontakt ossHar du sp\u00f8rsm\u00e5l om v\u00e5r markedsplass for linkbuilding? \u00d8nsker du \u00e5 utvikle en omfattende strategi for din neste lenkekampanje og er usikker p\u00e5 hvor du skal begynne? Teamet v\u00e5rt er tilgjengelig for \u00e5 gi deg personlig veiledning og st\u00f8tte.<\/p>\n","protected":false},"author":2,"featured_media":0,"parent":0,"menu_order":0,"comment_status":"closed","ping_status":"closed","template":"","meta":{"_et_pb_use_builder":"on","_et_pb_old_content":"","_et_gb_content_width":"","footnotes":""},"class_list":["post-87668","page","type-page","status-publish","hentry"],"_links":{"self":[{"href":"https:\/\/www.searchroyals.com\/no\/wp-json\/wp\/v2\/pages\/87668","targetHints":{"allow":["GET"]}}],"collection":[{"href":"https:\/\/www.searchroyals.com\/no\/wp-json\/wp\/v2\/pages"}],"about":[{"href":"https:\/\/www.searchroyals.com\/no\/wp-json\/wp\/v2\/types\/page"}],"author":[{"embeddable":true,"href":"https:\/\/www.searchroyals.com\/no\/wp-json\/wp\/v2\/users\/2"}],"replies":[{"embeddable":true,"href":"https:\/\/www.searchroyals.com\/no\/wp-json\/wp\/v2\/comments?post=87668"}],"version-history":[{"count":2,"href":"https:\/\/www.searchroyals.com\/no\/wp-json\/wp\/v2\/pages\/87668\/revisions"}],"predecessor-version":[{"id":87670,"href":"https:\/\/www.searchroyals.com\/no\/wp-json\/wp\/v2\/pages\/87668\/revisions\/87670"}],"wp:attachment":[{"href":"https:\/\/www.searchroyals.com\/no\/wp-json\/wp\/v2\/media?parent=87668"}],"curies":[{"name":"wp","href":"https:\/\/api.w.org\/{rel}","templated":true}]}}