{"id":95986,"date":"2025-01-30T14:12:55","date_gmt":"2025-01-30T14:12:55","guid":{"rendered":"https:\/\/www.searchroyals.com\/blog\/"},"modified":"2026-03-13T09:47:46","modified_gmt":"2026-03-13T09:47:46","slug":"blog-3","status":"publish","type":"page","link":"https:\/\/www.searchroyals.com\/no\/blog-3\/","title":{"rendered":"Blogg"},"content":{"rendered":"<p>[et_pb_section fb_built=&raquo;1&#8243; custom_padding_last_edited=&raquo;on|phone&raquo; _builder_version=&raquo;4.27.4&#8243; _module_preset=&raquo;default&raquo; background_enable_color=&raquo;off&raquo; use_background_color_gradient=&raquo;on&raquo; background_color_gradient_stops=&raquo;#efefef 0%|#ffffff 51%&raquo; background_enable_image=&raquo;off&raquo; background_size=&raquo;initial&raquo; background_repeat=&raquo;repeat&raquo; background_blend=&raquo;multiply&raquo; max_width=&raquo;98%&raquo; module_alignment=&raquo;center&raquo; overflow-x=&raquo;hidden&raquo; overflow-y=&raquo;hidden&raquo; custom_margin=&raquo;15px||15px||true|false&raquo; custom_padding=&raquo;140px||1px||false|false&raquo; custom_padding_tablet=&raquo;120px||110px||false|false&raquo; custom_padding_phone=&raquo;80px||80px||false|false&raquo; animation_style=&raquo;fade&raquo; animation_speed_curve=&raquo;ease&raquo; border_radii=&raquo;on|30px|30px|30px|30px&raquo; global_colors_info=&raquo;{}&raquo;][et_pb_row module_class=&raquo;saas-43-inlbtn-sc&raquo; _builder_version=&raquo;4.27.4&#8243; _module_preset=&raquo;default&raquo; width=&raquo;90%&raquo; max_width=&raquo;830px&raquo; custom_margin=&raquo;0px|auto|39px|auto|false|false&raquo; custom_margin_tablet=&raquo;0px||75px||false|false&raquo; custom_margin_phone=&raquo;0px||55px||false|false&raquo; custom_margin_last_edited=&raquo;on|phone&raquo; custom_padding=&raquo;0px||0px||false|false&raquo; custom_css_main_element=&raquo;text-align:center;&raquo; locked=&raquo;off&raquo; global_colors_info=&raquo;{}&raquo;][et_pb_column type=&raquo;4_4&#8243; _builder_version=&raquo;4.27.4&#8243; _module_preset=&raquo;default&raquo; global_colors_info=&raquo;{}&raquo;][et_pb_blurb title=&raquo;blogg&raquo; use_icon=&raquo;on&raquo; font_icon=&raquo;&#xf111;||fa||900&#8243; icon_color=&raquo;#94ffb7&#8243; icon_placement=&raquo;left&raquo; image_icon_width=&raquo;5px&raquo; _builder_version=&raquo;4.27.4&#8243; _module_preset=&raquo;default&raquo; header_font=&raquo;Manrope|600||on|||||&raquo; header_text_align=&raquo;left&raquo; header_text_color=&raquo;gcid-body-color&raquo; header_font_size=&raquo;12px&raquo; header_letter_spacing=&raquo;1px&raquo; background_enable_color=&raquo;off&raquo; image_icon_custom_margin=&raquo;0px||0px||false|false&raquo; image_icon_custom_padding=&raquo;0px||0px||false|false&raquo; custom_margin=&raquo;0px||2px||false|false&raquo; custom_padding=&raquo;13px|12px|0px|12px|false|false&raquo; animation_direction=&raquo;bottom&raquo; animation=&raquo;off&raquo; custom_css_main_element=&raquo;display:inline-block;&raquo; custom_css_blurb_title=&raquo;margin-left:-32px;||margin-top:-4px;||margin-bottom:-2px;&raquo; custom_css_blurb_content=&raquo;margin:0px;&raquo; border_radii=&raquo;on|6px|6px|6px|6px&raquo; global_colors_info=&raquo;{%22gcid-body-color%22:%91%22header_text_color%22%93}&raquo;][\/et_pb_blurb][et_pb_text _builder_version=&raquo;4.27.4&#8243; _module_preset=&raquo;default&raquo; header_font=&raquo;Manrope||||||||&raquo; header_text_align=&raquo;center&raquo; header_text_color=&raquo;#12142B&raquo; header_font_size=&raquo;58px&raquo; header_line_height=&raquo;1.2em&raquo; custom_margin=&raquo;10px||10px||false|false&raquo; custom_padding=&raquo;0px||0px||false|false&raquo; animation_direction=&raquo;bottom&raquo; header_font_size_tablet=&raquo;48px&raquo; header_font_size_phone=&raquo;32px&raquo; header_font_size_last_edited=&raquo;on|tablet&raquo; global_colors_info=&raquo;{}&raquo;]<\/p>\n<h1>Det du trenger \u00e5 vite om SEO<\/h1>\n<p>[\/et_pb_text][et_pb_text _builder_version=&raquo;4.27.4&#8243; _module_preset=&raquo;default&raquo; text_font=&raquo;Manrope|500|||||||&raquo; text_text_color=&raquo;gcid-body-color&raquo; text_font_size=&raquo;18px&raquo; text_line_height=&raquo;1.4em&raquo; text_orientation=&raquo;center&raquo; max_width=&raquo;580px&raquo; module_alignment=&raquo;center&raquo; custom_margin=&raquo;0px||31px||false|false&raquo; custom_margin_tablet=&raquo;0px||31px||false|false&raquo; custom_margin_phone=&raquo;0px||25px||false|false&raquo; custom_margin_last_edited=&raquo;on|phone&raquo; custom_padding=&raquo;0px||0px||false|false&raquo; animation_direction=&raquo;bottom&raquo; text_font_size_tablet=&raquo;18px&raquo; text_font_size_phone=&raquo;16px&raquo; text_font_size_last_edited=&raquo;on|phone&raquo; global_colors_info=&raquo;{%22gcid-body-color%22:%91%22text_text_color%22%93}&raquo;]<\/p>\n<p><span>Hold deg oppdatert med den nyeste kunnskapen om lenkebygging med bloggen v\u00e5r. Ingen innholdsfabrikker, ingen kunstig intelligens. Bare viktig innsikt fra v\u00e5re interne SEO-eksperter.    <\/span><\/p>\n<p>[\/et_pb_text][\/et_pb_column][\/et_pb_row][et_pb_row _builder_version=&raquo;4.27.4&#8243; _module_preset=&raquo;default&raquo; max_width=&raquo;1180px&raquo; animation_direction=&raquo;bottom&raquo; global_colors_info=&raquo;{}&raquo;][et_pb_column type=&raquo;4_4&#8243; _builder_version=&raquo;4.27.4&#8243; _module_preset=&raquo;default&raquo; global_colors_info=&raquo;{}&raquo;][et_pb_blog fullwidth=&raquo;off&raquo; include_categories=&raquo;all&raquo; excerpt_length=&raquo;0&#8243; show_more=&raquo;on&raquo; show_author=&raquo;off&raquo; show_date=&raquo;off&raquo; show_categories=&raquo;off&raquo; show_excerpt=&raquo;off&raquo; masonry_tile_background_color=&raquo;#FFFFFF&raquo; _builder_version=&raquo;4.27.4&#8243; _module_preset=&raquo;default&raquo; header_font=&raquo;Manrope||||||||&raquo; header_text_color=&raquo;#474747&#8243; header_font_size=&raquo;20px&raquo; header_line_height=&raquo;1.3em&raquo; meta_font=&raquo;Manrope||||||||&raquo; read_more_font=&raquo;Manrope||||||||&raquo; read_more_text_color=&raquo;#9B9B9B&raquo; pagination_font=&raquo;Manrope||||||||&raquo; background_color=&raquo;#FFFFFF&raquo; custom_margin=&raquo;||0px||false|false&raquo; custom_padding=&raquo;||0px||false|false&raquo; border_radii=&raquo;on|20px|20px|20px|20px&raquo; border_width_all=&raquo;0px&raquo; box_shadow_style=&raquo;preset3&#8243; box_shadow_color=&raquo;rgba(0,0,0,0.05)&raquo; global_colors_info=&raquo;{}&raquo;][\/et_pb_blog][\/et_pb_column][\/et_pb_row][\/et_pb_section]<\/p>\n","protected":false},"excerpt":{"rendered":"<p>Det du trenger \u00e5 vite om SEOHold deg oppdatert med den nyeste kunnskapen om lenkebygging med bloggen v\u00e5r. Ingen innholdsfabrikker, ingen kunstig intelligens. Bare viktig innsikt fra v\u00e5re interne SEO-eksperter.<\/p>\n","protected":false},"author":2,"featured_media":0,"parent":0,"menu_order":0,"comment_status":"closed","ping_status":"closed","template":"","meta":{"_et_pb_use_builder":"on","_et_pb_old_content":"","_et_gb_content_width":"","footnotes":""},"class_list":["post-95986","page","type-page","status-publish","hentry"],"_links":{"self":[{"href":"https:\/\/www.searchroyals.com\/no\/wp-json\/wp\/v2\/pages\/95986","targetHints":{"allow":["GET"]}}],"collection":[{"href":"https:\/\/www.searchroyals.com\/no\/wp-json\/wp\/v2\/pages"}],"about":[{"href":"https:\/\/www.searchroyals.com\/no\/wp-json\/wp\/v2\/types\/page"}],"author":[{"embeddable":true,"href":"https:\/\/www.searchroyals.com\/no\/wp-json\/wp\/v2\/users\/2"}],"replies":[{"embeddable":true,"href":"https:\/\/www.searchroyals.com\/no\/wp-json\/wp\/v2\/comments?post=95986"}],"version-history":[{"count":2,"href":"https:\/\/www.searchroyals.com\/no\/wp-json\/wp\/v2\/pages\/95986\/revisions"}],"predecessor-version":[{"id":95988,"href":"https:\/\/www.searchroyals.com\/no\/wp-json\/wp\/v2\/pages\/95986\/revisions\/95988"}],"wp:attachment":[{"href":"https:\/\/www.searchroyals.com\/no\/wp-json\/wp\/v2\/media?parent=95986"}],"curies":[{"name":"wp","href":"https:\/\/api.w.org\/{rel}","templated":true}]}}