{"id":87752,"date":"2025-01-23T12:27:48","date_gmt":"2025-01-23T12:27:48","guid":{"rendered":"https:\/\/www.searchroyals.com\/contact\/"},"modified":"2025-11-10T16:42:13","modified_gmt":"2025-11-10T16:42:13","slug":"contact","status":"publish","type":"page","link":"https:\/\/www.searchroyals.com\/pl\/contact\/","title":{"rendered":"Kontakt"},"content":{"rendered":"<p>[et_pb_section fb_built=&#8221;1&#8243; custom_padding_last_edited=&#8221;on|tablet&#8221; _builder_version=&#8221;4.27.4&#8243; _module_preset=&#8221;default&#8221; background_color=&#8221;gcid-9f3b32b6-6bed-490b-8f94-8c201035fcc4&#8243; background_enable_image=&#8221;off&#8221; background_size=&#8221;initial&#8221; background_repeat=&#8221;repeat&#8221; background_blend=&#8221;multiply&#8221; max_width=&#8221;98%&#8221; module_alignment=&#8221;center&#8221; custom_margin=&#8221;10px||10px||false|false&#8221; custom_padding=&#8221;0px||10px||false|false&#8221; custom_padding_tablet=&#8221;0px||0px||false|false&#8221; custom_padding_phone=&#8221;||0px||false|false&#8221; background_last_edited=&#8221;on|tablet&#8221; border_radii=&#8221;on|30px|30px|30px|30px&#8221; locked=&#8221;off&#8221; global_colors_info=&#8221;{%22gcid-9f3b32b6-6bed-490b-8f94-8c201035fcc4%22:%91%22background_color%22,%22background_color%22,%22background_color%22,%22background_color%22%93}&#8221;][et_pb_row column_structure=&#8221;1_2,1_2&#8243; custom_padding_last_edited=&#8221;on|phone&#8221; _builder_version=&#8221;4.27.4&#8243; _module_preset=&#8221;default&#8221; background_color=&#8221;#00022b&#8221; use_background_color_gradient=&#8221;on&#8221; background_color_gradient_type=&#8221;circular&#8221; background_color_gradient_stops=&#8221;rgba(255,255,255,0) 0%|gcid-9f3b32b6-6bed-490b-8f94-8c201035fcc4 71%&#8221; background_color_gradient_overlays_image=&#8221;on&#8221; background_image=&#8221;https:\/\/www.searchroyals.com\/wp-content\/uploads\/2025\/01\/saas-landing-43-ata-51.png&#8221; background_size=&#8221;initial&#8221; background_repeat=&#8221;repeat&#8221; width=&#8221;90%&#8221; width_tablet=&#8221;80%&#8221; width_phone=&#8221;100%&#8221; width_last_edited=&#8221;on|tablet&#8221; max_width=&#8221;1180px&#8221; max_width_tablet=&#8221;1180px&#8221; max_width_phone=&#8221;&#8221; max_width_last_edited=&#8221;on|phone&#8221; custom_margin=&#8221;|auto|90px|auto|false|false&#8221; custom_margin_tablet=&#8221;0px||70px||false|false&#8221; custom_margin_phone=&#8221;0px||55px||false|false&#8221; custom_margin_last_edited=&#8221;on|phone&#8221; custom_padding=&#8221;100px||0px||false|false&#8221; custom_padding_tablet=&#8221;100px||0px||false|false&#8221; custom_padding_phone=&#8221;70px|30px|0px|30px|false|false&#8221; animation_style=&#8221;fade&#8221; animation_speed_curve=&#8221;ease&#8221; custom_css_main_element=&#8221;text-align:center;&#8221; global_colors_info=&#8221;{%22gcid-9f3b32b6-6bed-490b-8f94-8c201035fcc4%22:%91%22background_color_gradient_stops%22%93}&#8221;][et_pb_column type=&#8221;1_2&#8243; _builder_version=&#8221;4.26.1&#8243; _module_preset=&#8221;default&#8221; global_colors_info=&#8221;{}&#8221;][et_pb_blurb title=&#8221;Kontakt&#8221; use_icon=&#8221;on&#8221; font_icon=&#8221;&#xf111;||fa||900&#8243; icon_color=&#8221;#94FFB7&#8243; icon_placement=&#8221;left&#8221; image_icon_width=&#8221;5px&#8221; content_max_width=&#8221;1180px&#8221; _builder_version=&#8221;4.27.4&#8243; _module_preset=&#8221;default&#8221; header_font=&#8221;Manrope|600||on|||||&#8221; header_text_align=&#8221;left&#8221; header_text_color=&#8221;rgba(255,255,255,0.75)&#8221; header_font_size=&#8221;12px&#8221; header_letter_spacing=&#8221;1px&#8221; background_enable_color=&#8221;off&#8221; image_icon_custom_margin=&#8221;0px||0px||false|false&#8221; image_icon_custom_padding=&#8221;0px||0px||false|false&#8221; module_alignment=&#8221;left&#8221; custom_margin=&#8221;0px||10px||false|false&#8221; custom_padding=&#8221;13px|12px|0px|12px|false|false&#8221; animation=&#8221;off&#8221; custom_css_blurb_title=&#8221;margin-left:-32px;||margin-top:-4px;||margin-bottom:-2px;&#8221; custom_css_blurb_content=&#8221;margin:0px;&#8221; border_radii=&#8221;on|6px|6px|6px|6px&#8221; global_colors_info=&#8221;{}&#8221;][\/et_pb_blurb][et_pb_text _builder_version=&#8221;4.27.4&#8243; _module_preset=&#8221;default&#8221; header_2_font=&#8221;Manrope||||||||&#8221; header_2_text_align=&#8221;left&#8221; header_2_text_color=&#8221;#FFFFFF&#8221; header_2_font_size=&#8221;52px&#8221; header_2_line_height=&#8221;1.1em&#8221; custom_margin=&#8221;0px||15px||false|false&#8221; custom_padding=&#8221;0px||0px||false|false&#8221; header_2_font_size_tablet=&#8221;52px&#8221; header_2_font_size_phone=&#8221;30px&#8221; header_2_font_size_last_edited=&#8221;on|phone&#8221; global_colors_info=&#8221;{}&#8221;]<\/p>\n<h2>Skontaktuj si\u0119 z nami<\/h2>\n<p>[\/et_pb_text][et_pb_text _builder_version=&#8221;4.27.4&#8243; _module_preset=&#8221;default&#8221; text_font=&#8221;Manrope|600|||||||&#8221; text_text_color=&#8221;rgba(255,255,255,0.5)&#8221; text_font_size=&#8221;18px&#8221; text_line_height=&#8221;1.4em&#8221; max_width=&#8221;560px&#8221; module_alignment=&#8221;left&#8221; custom_margin=&#8221;0px||0px||false|false&#8221; custom_padding=&#8221;0px||0px||false|false&#8221; text_font_size_tablet=&#8221;18px&#8221; text_font_size_phone=&#8221;16px&#8221; text_font_size_last_edited=&#8221;on|phone&#8221; global_colors_info=&#8221;{}&#8221;]<\/p>\n<p><span>Masz pytania dotycz\u0105ce naszej platformy link buildingu? Chcesz opracowa\u0107 kompleksow\u0105 strategi\u0119 dla swojej kolejnej kampanii link\u00f3w, ale nie wiesz, od czego zacz\u0105\u0107? Nasz zesp\u00f3\u0142 jest gotowy zapewni\u0107 Ci spersonalizowane doradztwo i wsparcie.  <\/span><\/p>\n<p>[\/et_pb_text][et_pb_contact_form use_spam_service=&#8221;on&#8221; recaptcha_list=&#8221;Default|Default-0&#8243; email=&#8221;  md@klikko.dk&#8221; submit_button_text=&#8221;Skontaktuj si\u0119 z nami&#8221; module_id=&#8221;et_pb_contact_form_0&#8243; _builder_version=&#8221;4.27.4&#8243; form_field_background_color=&#8221;RGBA(255,255,255,0)&#8221; form_field_text_color=&#8221;#FFFFFF&#8221; form_field_focus_background_color=&#8221;RGBA(255,255,255,0)&#8221; form_field_focus_text_color=&#8221;gcid-11f53119-def8-414e-b949-ac5bb3cde31b&#8221; form_field_custom_margin=&#8221;0px||||false|false&#8221; captcha_font=&#8221;Manrope||||||||&#8221; form_field_font=&#8221;Manrope||||||||&#8221; form_field_font_size=&#8221;15px&#8221; form_field_line_height=&#8221;1.6em&#8221; custom_button=&#8221;on&#8221; button_text_size=&#8221;16px&#8221; button_text_color=&#8221;gcid-2071a4d7-1b86-4b6e-811e-0ff74d735312&#8243; button_bg_color=&#8221;gcid-f13e2cf2-c801-46a6-a500-012e149f651c&#8221; button_border_width=&#8221;1px&#8221; button_border_color=&#8221;#94FFB7&#8243; button_border_radius=&#8221;10px&#8221; button_font=&#8221;Manrope|700|||||||&#8221; button_icon=&#8221;&#x24;||divi||400&#8243; button_on_hover=&#8221;off&#8221; button_custom_margin=&#8221;6px|6px|6px|6px|false|false&#8221; button_custom_padding=&#8221;10px|39px|10px|20px|false|false&#8221; custom_margin=&#8221;55px||||false|false&#8221; custom_margin_tablet=&#8221;25px||0px||false|false&#8221; custom_margin_phone=&#8221;25px||0px||false|false&#8221; custom_margin_last_edited=&#8221;on|tablet&#8221; animation_direction=&#8221;bottom&#8221; hover_enabled=&#8221;0&#8243; border_color_all=&#8221;#919191&#8243; border_width_bottom=&#8221;1px&#8221; border_color_bottom=&#8221;#FFFFFF&#8221; form_background_color=&#8221;rgba(0,0,0,0)&#8221; global_colors_info=&#8221;{%22gcid-2071a4d7-1b86-4b6e-811e-0ff74d735312%22:%91%22button_text_color%22,%22button_text_color%22%93,%22gcid-f13e2cf2-c801-46a6-a500-012e149f651c%22:%91%22button_bg_color%22%93,%22gcid-bc676db4-c6b8-49ed-abbe-2c654a5953ed%22:%91%22button_bg_color__hover%22%93,%22gcid-11f53119-def8-414e-b949-ac5bb3cde31b%22:%91%22form_field_focus_text_color%22%93}&#8221; button_text_color__hover=&#8221;#474747&#8243; button_text_color__hover_enabled=&#8221;on|hover&#8221; button_bg_color__hover=&#8221;#f8f8f8&#8243; button_bg_color__hover_enabled=&#8221;on|hover&#8221; button_border_color__hover=&#8221;#f8f8f8&#8243; button_border_color__hover_enabled=&#8221;on|desktop&#8221; button_letter_spacing__hover=&#8221;0px&#8221; button_letter_spacing__hover_enabled=&#8221;on&#8221; button_bg_enable_color__hover=&#8221;on&#8221; sticky_enabled=&#8221;0&#8243;][et_pb_contact_field field_id=&#8221;Name&#8221; field_title=&#8221;Imi\u0119&#8221; _builder_version=&#8221;4.27.4&#8243; global_colors_info=&#8221;{}&#8221; button_text_size__hover_enabled=&#8221;off&#8221; button_one_text_size__hover_enabled=&#8221;off&#8221; button_two_text_size__hover_enabled=&#8221;off&#8221; button_text_color__hover_enabled=&#8221;off&#8221; button_one_text_color__hover_enabled=&#8221;off&#8221; button_two_text_color__hover_enabled=&#8221;off&#8221; button_border_width__hover_enabled=&#8221;off&#8221; button_one_border_width__hover_enabled=&#8221;off&#8221; button_two_border_width__hover_enabled=&#8221;off&#8221; button_border_color__hover_enabled=&#8221;off&#8221; button_one_border_color__hover_enabled=&#8221;off&#8221; button_two_border_color__hover_enabled=&#8221;off&#8221; button_border_radius__hover_enabled=&#8221;off&#8221; button_one_border_radius__hover_enabled=&#8221;off&#8221; button_two_border_radius__hover_enabled=&#8221;off&#8221; button_letter_spacing__hover_enabled=&#8221;off&#8221; button_one_letter_spacing__hover_enabled=&#8221;off&#8221; button_two_letter_spacing__hover_enabled=&#8221;off&#8221; button_bg_color__hover_enabled=&#8221;off&#8221; button_one_bg_color__hover_enabled=&#8221;off&#8221; button_two_bg_color__hover_enabled=&#8221;off&#8221;][\/et_pb_contact_field][et_pb_contact_field field_id=&#8221;Email&#8221; field_title=&#8221;E-mail&#8221; field_type=&#8221;email&#8221; _builder_version=&#8221;4.27.3&#8243; global_colors_info=&#8221;{}&#8221; button_text_size__hover_enabled=&#8221;off&#8221; button_one_text_size__hover_enabled=&#8221;off&#8221; button_two_text_size__hover_enabled=&#8221;off&#8221; button_text_color__hover_enabled=&#8221;off&#8221; button_one_text_color__hover_enabled=&#8221;off&#8221; button_two_text_color__hover_enabled=&#8221;off&#8221; button_border_width__hover_enabled=&#8221;off&#8221; button_one_border_width__hover_enabled=&#8221;off&#8221; button_two_border_width__hover_enabled=&#8221;off&#8221; button_border_color__hover_enabled=&#8221;off&#8221; button_one_border_color__hover_enabled=&#8221;off&#8221; button_two_border_color__hover_enabled=&#8221;off&#8221; button_border_radius__hover_enabled=&#8221;off&#8221; button_one_border_radius__hover_enabled=&#8221;off&#8221; button_two_border_radius__hover_enabled=&#8221;off&#8221; button_letter_spacing__hover_enabled=&#8221;off&#8221; button_one_letter_spacing__hover_enabled=&#8221;off&#8221; button_two_letter_spacing__hover_enabled=&#8221;off&#8221; button_bg_color__hover_enabled=&#8221;off&#8221; button_one_bg_color__hover_enabled=&#8221;off&#8221; button_two_bg_color__hover_enabled=&#8221;off&#8221;][\/et_pb_contact_field][et_pb_contact_field field_id=&#8221;Message&#8221; field_title=&#8221;Wiadomo\u015b\u0107&#8221; field_type=&#8221;text&#8221; fullwidth_field=&#8221;on&#8221; _builder_version=&#8221;4.27.4&#8243; custom_padding=&#8221;||5px|&#8221; global_colors_info=&#8221;{}&#8221; button_text_size__hover_enabled=&#8221;off&#8221; button_one_text_size__hover_enabled=&#8221;off&#8221; button_two_text_size__hover_enabled=&#8221;off&#8221; button_text_color__hover_enabled=&#8221;off&#8221; button_one_text_color__hover_enabled=&#8221;off&#8221; button_two_text_color__hover_enabled=&#8221;off&#8221; button_border_width__hover_enabled=&#8221;off&#8221; button_one_border_width__hover_enabled=&#8221;off&#8221; button_two_border_width__hover_enabled=&#8221;off&#8221; button_border_color__hover_enabled=&#8221;off&#8221; button_one_border_color__hover_enabled=&#8221;off&#8221; button_two_border_color__hover_enabled=&#8221;off&#8221; button_border_radius__hover_enabled=&#8221;off&#8221; button_one_border_radius__hover_enabled=&#8221;off&#8221; button_two_border_radius__hover_enabled=&#8221;off&#8221; button_letter_spacing__hover_enabled=&#8221;off&#8221; button_one_letter_spacing__hover_enabled=&#8221;off&#8221; button_two_letter_spacing__hover_enabled=&#8221;off&#8221; button_bg_color__hover_enabled=&#8221;off&#8221; button_one_bg_color__hover_enabled=&#8221;off&#8221; button_two_bg_color__hover_enabled=&#8221;off&#8221;][\/et_pb_contact_field][\/et_pb_contact_form][\/et_pb_column][et_pb_column type=&#8221;1_2&#8243; _builder_version=&#8221;4.26.1&#8243; _module_preset=&#8221;default&#8221; global_colors_info=&#8221;{}&#8221;][et_pb_image src=&#8221;https:\/\/www.searchroyals.com\/wp-content\/uploads\/2025\/01\/search-royals-people.png&#8221; title_text=&#8221;search royals-people&#8221; _builder_version=&#8221;4.27.4&#8243; _module_preset=&#8221;default&#8221; max_width=&#8221;85%&#8221; max_width_tablet=&#8221;61%&#8221; max_width_phone=&#8221;61%&#8221; max_width_last_edited=&#8221;on|tablet&#8221; module_alignment=&#8221;center&#8221; module_alignment_tablet=&#8221;left&#8221; module_alignment_phone=&#8221;left&#8221; module_alignment_last_edited=&#8221;on|tablet&#8221; global_colors_info=&#8221;{}&#8221;][\/et_pb_image][\/et_pb_column][\/et_pb_row][\/et_pb_section]<\/p>\n","protected":false},"excerpt":{"rendered":"<p>Skontaktuj si\u0119 z namiMasz pytania dotycz\u0105ce naszej platformy link buildingu? Chcesz opracowa\u0107 kompleksow\u0105 strategi\u0119 dla swojej kolejnej kampanii link\u00f3w, ale nie wiesz, od czego zacz\u0105\u0107? Nasz zesp\u00f3\u0142 jest gotowy zapewni\u0107 Ci spersonalizowane doradztwo i wsparcie.<\/p>\n","protected":false},"author":2,"featured_media":0,"parent":0,"menu_order":0,"comment_status":"closed","ping_status":"closed","template":"","meta":{"_et_pb_use_builder":"on","_et_pb_old_content":"","_et_gb_content_width":"","footnotes":""},"class_list":["post-87752","page","type-page","status-publish","hentry"],"_links":{"self":[{"href":"https:\/\/www.searchroyals.com\/pl\/wp-json\/wp\/v2\/pages\/87752","targetHints":{"allow":["GET"]}}],"collection":[{"href":"https:\/\/www.searchroyals.com\/pl\/wp-json\/wp\/v2\/pages"}],"about":[{"href":"https:\/\/www.searchroyals.com\/pl\/wp-json\/wp\/v2\/types\/page"}],"author":[{"embeddable":true,"href":"https:\/\/www.searchroyals.com\/pl\/wp-json\/wp\/v2\/users\/2"}],"replies":[{"embeddable":true,"href":"https:\/\/www.searchroyals.com\/pl\/wp-json\/wp\/v2\/comments?post=87752"}],"version-history":[{"count":2,"href":"https:\/\/www.searchroyals.com\/pl\/wp-json\/wp\/v2\/pages\/87752\/revisions"}],"predecessor-version":[{"id":87754,"href":"https:\/\/www.searchroyals.com\/pl\/wp-json\/wp\/v2\/pages\/87752\/revisions\/87754"}],"wp:attachment":[{"href":"https:\/\/www.searchroyals.com\/pl\/wp-json\/wp\/v2\/media?parent=87752"}],"curies":[{"name":"wp","href":"https:\/\/api.w.org\/{rel}","templated":true}]}}